{"id":804,"date":"2021-03-14T00:16:32","date_gmt":"2021-03-13T23:16:32","guid":{"rendered":"https:\/\/aoa2pournotreetoile.fr\/?page_id=804"},"modified":"2021-03-14T17:05:12","modified_gmt":"2021-03-14T16:05:12","slug":"nos-actions-2020","status":"publish","type":"page","link":"https:\/\/aoa2pournotreetoile.fr\/index.php\/nos-actions-2020\/","title":{"rendered":"NOS ACTIONS 2020"},"content":{"rendered":"\n<div class=\"wp-block-media-text alignwide is-stacked-on-mobile\"><figure class=\"wp-block-media-text__media\"><img loading=\"lazy\" decoding=\"async\" width=\"387\" height=\"561\" src=\"https:\/\/aoa2pournotreetoile.fr\/wp-content\/uploads\/2020\/02\/saint_valentin.jpg\" alt=\"\" class=\"wp-image-619 size-full\" srcset=\"https:\/\/aoa2pournotreetoile.fr\/wp-content\/uploads\/2020\/02\/saint_valentin.jpg 387w, https:\/\/aoa2pournotreetoile.fr\/wp-content\/uploads\/2020\/02\/saint_valentin-207x300.jpg 207w\" sizes=\"auto, (max-width: 387px) 100vw, 387px\" \/><\/figure><div class=\"wp-block-media-text__content\">\n<p class=\"has-very-light-gray-color has-luminous-vivid-orange-background-color has-text-color has-background has-medium-font-size\">After-work4 Chandeleur vendredi 24 janvier<\/p>\n\n\n\n<p>Le 24 janvier, premier RDV avec notre stand de \u00ab\u00a0cr\u00eapes et boissons\u00a0\u00bb, en collaboration avec les \u00e9tudiants de Tec de Co de METZ qui m\u00e8ne un projet tuteur\u00e9. <\/p>\n\n\n\n<p class=\"has-very-light-gray-color has-luminous-vivid-orange-background-color has-text-color has-background has-medium-font-size\">After-work5  Saint Valentin vendredi 14 f\u00e9vrier<\/p>\n\n\n\n<p><br><\/p>\n<\/div><\/div>\n\n\n\n<div class=\"wp-block-media-text alignwide is-stacked-on-mobile\"><figure class=\"wp-block-media-text__media\"><img loading=\"lazy\" decoding=\"async\" width=\"382\" height=\"540\" src=\"https:\/\/aoa2pournotreetoile.fr\/wp-content\/uploads\/2020\/08\/100-ans-du-Foot.jpg\" alt=\"\" class=\"wp-image-697 size-full\" srcset=\"https:\/\/aoa2pournotreetoile.fr\/wp-content\/uploads\/2020\/08\/100-ans-du-Foot.jpg 382w, https:\/\/aoa2pournotreetoile.fr\/wp-content\/uploads\/2020\/08\/100-ans-du-Foot-212x300.jpg 212w\" sizes=\"auto, (max-width: 382px) 100vw, 382px\" \/><\/figure><div class=\"wp-block-media-text__content\">\n<p class=\"has-very-light-gray-color has-luminous-vivid-orange-background-color has-text-color has-background has-medium-font-size\">L&rsquo;ASG foot  f\u00eate son centenaire le 20 ao\u00fbt<\/p>\n\n\n\n<p>Le 20 ao\u00fbt, l&rsquo;AS Gerardmer foot, \u00e0 l&rsquo;occasion de son centenaire, m\u00e8nera aussi une action solidaire avec notre association<\/p>\n<\/div><\/div>\n\n\n\n<div class=\"wp-block-media-text alignwide is-stacked-on-mobile\"><figure class=\"wp-block-media-text__media\"><img loading=\"lazy\" decoding=\"async\" width=\"357\" height=\"460\" src=\"https:\/\/aoa2pournotreetoile.fr\/wp-content\/uploads\/2020\/10\/ski-champ-FR-2020.jpg\" alt=\"\" class=\"wp-image-722 size-full\" srcset=\"https:\/\/aoa2pournotreetoile.fr\/wp-content\/uploads\/2020\/10\/ski-champ-FR-2020.jpg 357w, https:\/\/aoa2pournotreetoile.fr\/wp-content\/uploads\/2020\/10\/ski-champ-FR-2020-233x300.jpg 233w\" sizes=\"auto, (max-width: 357px) 100vw, 357px\" \/><\/figure><div class=\"wp-block-media-text__content\">\n<p class=\"has-very-light-gray-color has-luminous-vivid-orange-background-color has-text-color has-background has-medium-font-size\">Comit\u00e9 du ski du massif des Vosges: 10 &amp;11 octobre<\/p>\n\n\n\n<p>A l&rsquo;occasion du championnat de France de saut \u00e0 ski et combin\u00e9 nordique, nous sommes pr\u00e9sents avec notre stand flamms <\/p>\n<\/div><\/div>\n","protected":false},"excerpt":{"rendered":"<p>After-work4 Chandeleur vendredi 24 janvier Le 24 janvier, premier RDV avec notre stand de \u00ab\u00a0cr\u00eapes et boissons\u00a0\u00bb, en collaboration avec<\/p>\n","protected":false},"author":1,"featured_media":0,"parent":0,"menu_order":0,"comment_status":"closed","ping_status":"closed","template":"","meta":{"footnotes":""},"class_list":["post-804","page","type-page","status-publish","hentry"],"_links":{"self":[{"href":"https:\/\/aoa2pournotreetoile.fr\/index.php\/wp-json\/wp\/v2\/pages\/804","targetHints":{"allow":["GET"]}}],"collection":[{"href":"https:\/\/aoa2pournotreetoile.fr\/index.php\/wp-json\/wp\/v2\/pages"}],"about":[{"href":"https:\/\/aoa2pournotreetoile.fr\/index.php\/wp-json\/wp\/v2\/types\/page"}],"author":[{"embeddable":true,"href":"https:\/\/aoa2pournotreetoile.fr\/index.php\/wp-json\/wp\/v2\/users\/1"}],"replies":[{"embeddable":true,"href":"https:\/\/aoa2pournotreetoile.fr\/index.php\/wp-json\/wp\/v2\/comments?post=804"}],"version-history":[{"count":7,"href":"https:\/\/aoa2pournotreetoile.fr\/index.php\/wp-json\/wp\/v2\/pages\/804\/revisions"}],"predecessor-version":[{"id":820,"href":"https:\/\/aoa2pournotreetoile.fr\/index.php\/wp-json\/wp\/v2\/pages\/804\/revisions\/820"}],"wp:attachment":[{"href":"https:\/\/aoa2pournotreetoile.fr\/index.php\/wp-json\/wp\/v2\/media?parent=804"}],"curies":[{"name":"wp","href":"https:\/\/api.w.org\/{rel}","templated":true}]}}