{"id":120,"date":"2019-03-16T21:12:20","date_gmt":"2019-03-16T20:12:20","guid":{"rendered":"http:\/\/aoa2espoiretoile.fr\/?page_id=120"},"modified":"2024-01-16T21:34:04","modified_gmt":"2024-01-16T20:34:04","slug":"effectuer-un-don","status":"publish","type":"page","link":"https:\/\/aoa2pournotreetoile.fr\/index.php\/effectuer-un-don\/","title":{"rendered":"EFFECTUER UN DON"},"content":{"rendered":"\n<p><\/p>\n\n\n\n<p>Si vous ne souhaitez pas adh\u00e9rer  \u00e0 notre association <strong>AOA2, Un Espoir pour Nos Etoile<\/strong>s mais que vous souhaitez tout de m\u00eame soutenir notre action au travers d&rsquo;une participation, vous pouvez :<\/p>\n\n\n\n<ul class=\"wp-block-list\">\n<li>effectuer un r\u00e8glement par ch\u00e8que \u00e0 l\u2019ordre <strong>AOA2 un espoir pour nos \u00e9toile<\/strong>s et le transmettre au 6 Rue Jean Baptiste Saulcy 88400 GERARDMER<\/li>\n\n\n\n<li>effectuer un r\u00e8glement par carte bancaire via le site s\u00e9curis\u00e9 HelloAsso : <strong><a href=\"https:\/\/www.helloasso.com\/associations\/aoa2-un-espoir-pour-notre-etoile\/formulaires\/1\">Effectuer un don<\/a><\/strong> <\/li>\n<\/ul>\n\n\n\n<p><br><\/p>\n","protected":false},"excerpt":{"rendered":"<p>Si vous ne souhaitez pas adh\u00e9rer \u00e0 notre association AOA2, Un Espoir pour Nos Etoiles mais que vous souhaitez tout<\/p>\n","protected":false},"author":1,"featured_media":0,"parent":0,"menu_order":0,"comment_status":"closed","ping_status":"closed","template":"","meta":{"footnotes":""},"class_list":["post-120","page","type-page","status-publish","hentry"],"_links":{"self":[{"href":"https:\/\/aoa2pournotreetoile.fr\/index.php\/wp-json\/wp\/v2\/pages\/120","targetHints":{"allow":["GET"]}}],"collection":[{"href":"https:\/\/aoa2pournotreetoile.fr\/index.php\/wp-json\/wp\/v2\/pages"}],"about":[{"href":"https:\/\/aoa2pournotreetoile.fr\/index.php\/wp-json\/wp\/v2\/types\/page"}],"author":[{"embeddable":true,"href":"https:\/\/aoa2pournotreetoile.fr\/index.php\/wp-json\/wp\/v2\/users\/1"}],"replies":[{"embeddable":true,"href":"https:\/\/aoa2pournotreetoile.fr\/index.php\/wp-json\/wp\/v2\/comments?post=120"}],"version-history":[{"count":9,"href":"https:\/\/aoa2pournotreetoile.fr\/index.php\/wp-json\/wp\/v2\/pages\/120\/revisions"}],"predecessor-version":[{"id":1134,"href":"https:\/\/aoa2pournotreetoile.fr\/index.php\/wp-json\/wp\/v2\/pages\/120\/revisions\/1134"}],"wp:attachment":[{"href":"https:\/\/aoa2pournotreetoile.fr\/index.php\/wp-json\/wp\/v2\/media?parent=120"}],"curies":[{"name":"wp","href":"https:\/\/api.w.org\/{rel}","templated":true}]}}